{"id":261,"date":"2015-04-20T23:02:54","date_gmt":"2015-04-21T05:02:54","guid":{"rendered":"http:\/\/www.minec.gob.sv\/comercioexterior\/ue\/?page_id=261"},"modified":"2024-11-29T14:49:28","modified_gmt":"2024-11-29T20:49:28","slug":"decisiones-del-consejo","status":"publish","type":"page","link":"https:\/\/minec.dev.consiti.com\/ue\/administracion-del-acuerdo\/decisiones-del-consejo\/","title":{"rendered":"Decisiones del Consejo"},"content":{"rendered":"\n<p>En esta secci\u00f3n podr\u00e1 consultar las Decisiones firmadas por el Consejo de Asociaci\u00f3n del Acuerdo:<\/p>\n\n\n\n<p><\/p>\n\n\n\n<div class=\"wp-block-columns is-layout-flex wp-container-core-columns-is-layout-28f84493 wp-block-columns-is-layout-flex\">\n<div class=\"wp-block-column is-layout-flow wp-block-column-is-layout-flow\" style=\"flex-basis:100%\">\n<pre class=\"wp-block-code\"><code><div class=\"table-responsive\">\n<table class=\"table table-bordered table-striped table-hover\" style=\"height: 414px;\" width=\"563\">\n<tbody>\n<tr>\n<td width=\"561\"><a rel=\"noopener\" href=\"\/ue\/wp-content\/uploads\/sites\/2\/Decision_1.pdf\" target=\"_blank\">Decisi\u00f3n No. 1\/2014 Reglas de Procedimiento y las Reglas de Procedimiento del Comit\u00e9 de Asociaci\u00f3n<\/a><\/td>\n<\/tr>\n<tr>\n<td><a rel=\"noopener\" href=\"\/ue\/wp-content\/uploads\/sites\/2\/Decision_2.pdf\" target=\"_blank\">Decisi\u00f3n No. 2\/2014 Reglas de Procedimiento por las que se rige la soluci\u00f3n de controversias<\/a><\/td>\n<\/tr>\n<tr>\n<td><a rel=\"noopener\" href=\"\/ue\/wp-content\/uploads\/sites\/2\/Decision_3.pdf\" target=\"_blank\">Decisi\u00f3n No. 3\/2014 Adopci\u00f3n de la Lista de Panelistas<\/a><\/td>\n<\/tr>\n<tr>\n<td><a rel=\"noopener\" href=\"\/ue\/wp-content\/uploads\/sites\/2\/Decision_4.pdf\" target=\"_blank\">Decisi\u00f3n No. 4\/2014 Adopci\u00f3n de la lista de expertos en materia de comercio y desarrollo sostenible<\/a><\/td>\n<\/tr>\n<tr>\n<td><a rel=\"noopener\" href=\"\/ue\/wp-content\/uploads\/sites\/2\/Decision_5.pdf\" target=\"_blank\">Decisi\u00f3n No. 5\/2014 Indicaciones geogr\u00e1ficas que deben incluirse en el anexo XVIII del Acuerdo<\/a><\/td>\n<\/tr>\n<tr>\n<td><a href=\"https:\/\/minec.dev.consiti.com\/ue\/wp-content\/uploads\/sites\/2\/Decision-01-2020-del-Consejo-de-Asociacion-UE-CA.pdf\">Decisi\u00f3n No. 1\/2020 que modifica el Ap\u00e9ndice 2 del Anexo II<\/a><\/td>\n<\/tr>\n<tr>\n<td><a href=\"https:\/\/minec.dev.consiti.com\/ue\/wp-content\/uploads\/sites\/2\/Decision-02-2020-del-Consejo-de-Asociacion-UE-CA.pdf\">Decisi\u00f3n No. 2\/2020 por la que se introducen notas explicativas en relaci\u00f3n con el certificado de circulaci\u00f3n de mercanc\u00edas EUR.1, declaraciones en factura, exportadores autorizados y verificaciones de pruebas de origen<\/a><\/td>\n<\/tr>\n<tr>\n<td><a href=\"https:\/\/minec.dev.consiti.com\/ue\/wp-content\/uploads\/sites\/2\/Protocolo-de-Adhesion-Croacia-al-Acuerdo-de-Asociacion-UE-Centroamerica.pdf\"> Protocolo de Adhesi\u00f3n de Croacia al Acuerdo de Asociaci\u00f3n UE-Centroam\u00e9rica<\/a><\/td>\n<\/tr>\n<tr>\n<td><a rel=\"noopener\" href=\"https:\/\/minec.dev.consiti.com\/ue\/wp-content\/uploads\/sites\/2\/Publicacion-D.O.-Decision-N\u00b01-2022-Consejo-de-Asociacion-UE-Centroamerica-2.pdf\" target=\"_blank\">Decisi\u00f3n No. 1\/2022 Indicaciones geogr\u00e1ficas que deben incluirse en el anexo XVIII del AcuerdoZC6AJrM^IsVoECHDx59SBYK6<\/a><\/td>\n<\/tr>\n\n<tr>\n<td><a href=\"https:\/\/minec.dev.consiti.com\/ue\/wp-content\/uploads\/sites\/2\/AdA-UE.pdf\" target=\"_blank\" rel=\"noreferrer noopener\"> Decisi\u00f3n No 1\/2023 Adaptaciones Anexo II Adecuaciones Reglas de Origen a VII Enmienda del Sistema Armonizado<\/a><\/td>\n<\/tr>\n<\/tbody>\n<\/table>\n<\/div><\/code><\/pre>\n<\/div>\n<\/div>\n\n\n","protected":false},"excerpt":{"rendered":"<p>En esta secci\u00f3n podr\u00e1 consultar las Decisiones firmadas por el Consejo de Asociaci\u00f3n del Acuerdo:<\/p>\n","protected":false},"author":1,"featured_media":0,"parent":199,"menu_order":0,"comment_status":"closed","ping_status":"closed","template":"page-treaty","meta":{"footnotes":""},"class_list":["post-261","page","type-page","status-publish","hentry"],"_links":{"self":[{"href":"https:\/\/minec.dev.consiti.com\/ue\/wp-json\/wp\/v2\/pages\/261","targetHints":{"allow":["GET"]}}],"collection":[{"href":"https:\/\/minec.dev.consiti.com\/ue\/wp-json\/wp\/v2\/pages"}],"about":[{"href":"https:\/\/minec.dev.consiti.com\/ue\/wp-json\/wp\/v2\/types\/page"}],"author":[{"embeddable":true,"href":"https:\/\/minec.dev.consiti.com\/ue\/wp-json\/wp\/v2\/users\/1"}],"replies":[{"embeddable":true,"href":"https:\/\/minec.dev.consiti.com\/ue\/wp-json\/wp\/v2\/comments?post=261"}],"version-history":[{"count":22,"href":"https:\/\/minec.dev.consiti.com\/ue\/wp-json\/wp\/v2\/pages\/261\/revisions"}],"predecessor-version":[{"id":1108,"href":"https:\/\/minec.dev.consiti.com\/ue\/wp-json\/wp\/v2\/pages\/261\/revisions\/1108"}],"up":[{"embeddable":true,"href":"https:\/\/minec.dev.consiti.com\/ue\/wp-json\/wp\/v2\/pages\/199"}],"wp:attachment":[{"href":"https:\/\/minec.dev.consiti.com\/ue\/wp-json\/wp\/v2\/media?parent=261"}],"curies":[{"name":"wp","href":"https:\/\/api.w.org\/{rel}","templated":true}]}}